{"id":75,"date":"2024-09-27T17:24:11","date_gmt":"2024-09-27T15:24:11","guid":{"rendered":"https:\/\/marathon-salon-de-provence.fr\/?page_id=75"},"modified":"2025-02-09T21:04:42","modified_gmt":"2025-02-09T20:04:42","slug":"la-patrouille-de-france","status":"publish","type":"page","link":"https:\/\/marathon-salon-de-provence.fr\/index.php\/la-patrouille-de-france\/","title":{"rendered":"LA PATROUILLE DE FRANCE"},"content":{"rendered":"<p>[et_pb_section fb_built=\u00a0\u00bb1&Prime; _builder_version=\u00a0\u00bb4.23.1&Prime; _module_preset=\u00a0\u00bbdefault\u00a0\u00bb global_colors_info=\u00a0\u00bb{}\u00a0\u00bb][et_pb_row _builder_version=\u00a0\u00bb4.23.1&Prime; _module_preset=\u00a0\u00bbdefault\u00a0\u00bb global_colors_info=\u00a0\u00bb{}\u00a0\u00bb][et_pb_column type=\u00a0\u00bb4_4&Prime; _builder_version=\u00a0\u00bb4.23.1&Prime; _module_preset=\u00a0\u00bbdefault\u00a0\u00bb global_colors_info=\u00a0\u00bb{}\u00a0\u00bb][et_pb_gallery gallery_ids=\u00a0\u00bb559,538,540,541,542,543,544,545&Prime; show_title_and_caption=\u00a0\u00bboff\u00a0\u00bb show_pagination=\u00a0\u00bboff\u00a0\u00bb _builder_version=\u00a0\u00bb4.23.1&Prime; _module_preset=\u00a0\u00bbdefault\u00a0\u00bb hover_enabled=\u00a0\u00bb0&Prime; global_colors_info=\u00a0\u00bb{}\u00a0\u00bb sticky_enabled=\u00a0\u00bb0&Prime;][\/et_pb_gallery][\/et_pb_column][\/et_pb_row][et_pb_row _builder_version=\u00a0\u00bb4.23.1&Prime; _module_preset=\u00a0\u00bbdefault\u00a0\u00bb custom_padding=\u00a0\u00bb37px|||||\u00a0\u00bb global_colors_info=\u00a0\u00bb{}\u00a0\u00bb][et_pb_column type=\u00a0\u00bb4_4&Prime; _builder_version=\u00a0\u00bb4.23.1&Prime; _module_preset=\u00a0\u00bbdefault\u00a0\u00bb global_colors_info=\u00a0\u00bb{}\u00a0\u00bb][et_pb_text _builder_version=\u00a0\u00bb4.23.1&Prime; _module_preset=\u00a0\u00bbdefault\u00a0\u00bb global_colors_info=\u00a0\u00bb{}\u00a0\u00bb]<\/p>\n<p style=\"text-align: justify;\">Implant\u00e9e sur le territoire salonais depuis 1937, la base a\u00e9rienne 701 (BA701) \u00ab G\u00e9n\u00e9ral Pineau \u00bb occupe 450 hectares r\u00e9partis entre Salon-de-Provence et Lan\u00e7on-Provence. Elle dispose de trois pistes en herbe et d\u2019une piste goudronn\u00e9e.<\/p>\n<p>Elle apporte tout le soutien n\u00e9cessaire au fonctionnement de l\u2019Ecole de l\u2019air et de l\u2019espace dont elle est indissociable et \u00e0 l\u2019\u00e9cole des commissaires des arm\u00e9es depuis 2013. Deux unit\u00e9s prestigieuses que sont l\u2019Equipe de voltige de l\u2019Arm\u00e9e de l\u2019air et de l\u2019espace et la Patrouille de France y sont \u00e9galement implant\u00e9es. Ces ambassadeurs incarnent la pr\u00e9cision, l&rsquo;audace et le savoir-faire de l\u2019Arm\u00e9e de l\u2019air et de l\u2019espace, faisant rayonner nos qualit\u00e9s a\u00e9ronautiques \u00e0 travers le monde.<\/p>\n<p>Le parc a\u00e9ronautique est compos\u00e9 d\u2019une quarantaine d\u2019a\u00e9ronefs, qui incluent les Alphajets de la Patrouille de France, les Extra 330 de l\u2019\u00c9quipe de voltige de l\u2019arm\u00e9e de l\u2019Air et de l\u2019Espace, les Cirrus SR22 du Centre de formation a\u00e9ronautique militaire initiale, ainsi que les planeurs de l\u2019Escadron d\u2019instruction de vol \u00e0 voile.<\/p>\n<p>Le site compte un peu moins de 2 000 militaires et civils du minist\u00e8re des arm\u00e9es et des anciens combattants. En plus des deux \u00e9coles et des \u00e9quipes de pr\u00e9sentation de l\u2019Arm\u00e9e de l\u2019air et de l\u2019espace, il regroupe de nombreuses unit\u00e9s, notamment le Centre d\u2019Initiation et de Formation des \u00e9quipages Drones, le Centre d\u2019excellence cyber, le Groupement d\u2019intervention NEDEX (neutralisation est destruction d\u2019engins explosifs), l\u2019Escadron de contr\u00f4le et de s\u00e9curit\u00e9 a\u00e9rienne, et l\u2019Escadron de pr\u00e9paration sportive et mentale. Il abrite \u00e9galement le centre de recherche de l\u2019\u00e9cole de l\u2019air (CREA) compos\u00e9 d\u2019un cinquante d\u2019enseignants chercheurs, doctorants et post doctorants, un laboratoire de l\u2019Office national d\u2019\u00e9tudes et de recherche a\u00e9rospatiale (ONERA), ainsi que des installations de D\u00e9fense Conseil International.<\/p>\n<p>La base a\u00e9rienne 701 et l\u2019\u00c9cole de l\u2019air et de l\u2019espace ont \u00e0 c\u0153ur de renforcer le lien Arm\u00e9e-nation et sont r\u00e9solument tourn\u00e9es vers la jeunesse. Cet engagement se manifeste notamment par la cr\u00e9ation de la toute premi\u00e8re Escadrille Air-Jeunesse en 2019. De nombreuses actions en faveur des jeunes sont mises en place, telles que :<\/p>\n<ul>\n<li>Diff\u00e9rents tutorats, comme le tutorat Air R\u00e9ussite Jeunesse et le tutorat A\u00e9ronautique ;<\/li>\n<li>Des partenariats avec des \u00e9tablissements scolaires ;<\/li>\n<li>L\u2019accueil d\u2019environ 150 stagiaires de troisi\u00e8me par an.<\/li>\n<\/ul>\n<p>L\u2019\u00c9cole de l\u2019air et de l\u2019espace forme l\u2019ensemble des officiers de l\u2019arm\u00e9e de l\u2019Air et de l\u2019Espace. Elle accueille \u00e9galement des \u00e9l\u00e8ves et stagiaires issus du monde civil pour des stages, formations, ou mast\u00e8res sp\u00e9cialis\u00e9s. Au total, environ 1 400 apprenants sont form\u00e9s chaque ann\u00e9e sur le site de Salon-de-Provence.<\/p>\n<p>Grande \u00e9cole militaire et spatiale, l\u2019\u00c9cole de l\u2019air et de l\u2019espace assure la formation de tous les officiers aviateurs, experts de la mise en \u0153uvre des syst\u00e8mes d\u2019armes dans les domaines de l\u2019a\u00e9ronautique et du spatial, futurs chefs militaires et hauts cadres dirigeants du minist\u00e8re des Arm\u00e9es.<\/p>\n<p>La formation a\u00e9ronautique initiale de tout le personnel navigant (pilotes et navigateurs) commence sur la BA701. Tous les futurs \u00e9quipages de l\u2019arm\u00e9e de l\u2019Air et de l\u2019Espace r\u00e9alisent ainsi leurs premiers vols militaires d\u2019instruction \u00e0 Salon-de-Provence au Centre de formation a\u00e9ronautique militaire initiale.<\/p>\n<p>Les savoirs dispens\u00e9s, tant militaires qu\u2019acad\u00e9miques, garantissent une formation d\u2019excellence pour tous les officiers de l\u2019arm\u00e9e de l\u2019Air et de l\u2019Espace, afin qu\u2019ils soient en mesure d\u2019analyser dans la complexit\u00e9, de d\u00e9cider dans l\u2019incertitude, et d\u2019agir dans l\u2019adversit\u00e9.<\/p>\n<p>Les \u00e9l\u00e8ves-officiers sont encadr\u00e9s par des intervenants sp\u00e9cialistes pluridisciplinaires et b\u00e9n\u00e9ficient d\u2019outils r\u00e9cents tout au long de leur cursus. Ils d\u00e9veloppent \u00e9galement des valeurs \u00e9thiques et morales indissociables de leur statut d\u2019officier, telles que le respect, l&rsquo;int\u00e9grit\u00e9, le sens du service, et l&rsquo;excellence, qui sont les valeurs cardinales de l&rsquo;arm\u00e9e de l\u2019Air et de l\u2019Espace.<\/p>\n<p>\u00c9tablissement public \u00e0 caract\u00e8re scientifique, culturel, et professionnel de type Grand \u00c9tablissement depuis 2019, l\u2019\u00c9cole de l\u2019air et de l\u2019espace occupe une position de premier ordre dans la communaut\u00e9 de l\u2019enseignement sup\u00e9rieur. Elle d\u00e9livre des dipl\u00f4mes acad\u00e9miques reconnus par le minist\u00e8re de l\u2019Enseignement sup\u00e9rieur, de la Recherche, et de l\u2019Innovation : dipl\u00f4me d\u2019ing\u00e9nieur, dipl\u00f4me de niveau licence, master, et mast\u00e8re sp\u00e9cialis\u00e9.<\/p>\n<p>Sa devise reprise du capitaine Georges Guynemer, As de la 1<sup>\u00e8re<\/sup> guerre mondiale, est \u00ab\u00a0Faire Face\u00a0\u00bb.<\/p>\n<p>&nbsp;<\/p>\n<p>Pour en savoir plus\u00a0:<\/p>\n<blockquote><\/blockquote>\n<p><a href=\"https:\/\/www.ecole-air-espace.fr\/\">L&rsquo;\u00c9cole de l&rsquo;air et de l&rsquo;espace \u22c6 Unis pour faire face (ecole-air-espace.fr)<\/a><\/p>\n<p><a href=\"https:\/\/www.defense.gouv.fr\/air\/tous-nos-dossiers\/90-ans-larmee-lair-lespace-versailles\/ambassadeurs-larmee-lair-lespace\">Les Ambassadeurs de l&rsquo;arm\u00e9e de l&rsquo;Air et de l&rsquo;Espace | Minist\u00e8re des Arm\u00e9es et des Anciens combattants (defense.gouv.fr)<\/a><\/p>\n<p>[\/et_pb_text][et_pb_gallery gallery_ids=\u00a0\u00bb542,543,544,545&Prime; show_title_and_caption=\u00a0\u00bboff\u00a0\u00bb show_pagination=\u00a0\u00bboff\u00a0\u00bb _builder_version=\u00a0\u00bb4.23.1&Prime; _module_preset=\u00a0\u00bbdefault\u00a0\u00bb global_colors_info=\u00a0\u00bb{}\u00a0\u00bb][\/et_pb_gallery][\/et_pb_column][\/et_pb_row][et_pb_row _builder_version=\u00a0\u00bb4.23.1&Prime; _module_preset=\u00a0\u00bbdefault\u00a0\u00bb global_colors_info=\u00a0\u00bb{}\u00a0\u00bb][et_pb_column type=\u00a0\u00bb4_4&Prime; _builder_version=\u00a0\u00bb4.23.1&Prime; _module_preset=\u00a0\u00bbdefault\u00a0\u00bb global_colors_info=\u00a0\u00bb{}\u00a0\u00bb][et_pb_social_media_follow follow_button=\u00a0\u00bbon\u00a0\u00bb _builder_version=\u00a0\u00bb4.23.1&Prime; _module_preset=\u00a0\u00bbdefault\u00a0\u00bb global_colors_info=\u00a0\u00bb{}\u00a0\u00bb][et_pb_social_media_follow_network social_network=\u00a0\u00bbfacebook\u00a0\u00bb url=\u00a0\u00bbhttps:\/\/www.facebook.com\/ecoledelair\/\u00a0\u00bb _builder_version=\u00a0\u00bb4.23.1&Prime; _module_preset=\u00a0\u00bbdefault\u00a0\u00bb background_color=\u00a0\u00bb#3b5998&Prime; global_colors_info=\u00a0\u00bb{}\u00a0\u00bb follow_button=\u00a0\u00bbon\u00a0\u00bb url_new_window=\u00a0\u00bbon\u00a0\u00bb]facebook[\/et_pb_social_media_follow_network][et_pb_social_media_follow_network social_network=\u00a0\u00bbinstagram\u00a0\u00bb url=\u00a0\u00bbhttps:\/\/www.instagram.com\/ecole.de.lair\/\u00a0\u00bb _builder_version=\u00a0\u00bb4.23.1&Prime; _module_preset=\u00a0\u00bbdefault\u00a0\u00bb background_color=\u00a0\u00bb#ea2c59&Prime; global_colors_info=\u00a0\u00bb{}\u00a0\u00bb follow_button=\u00a0\u00bbon\u00a0\u00bb url_new_window=\u00a0\u00bbon\u00a0\u00bb]instagram[\/et_pb_social_media_follow_network][\/et_pb_social_media_follow][\/et_pb_column][\/et_pb_row][\/et_pb_section]<\/p>\n","protected":false},"excerpt":{"rendered":"<p>Implant\u00e9e sur le territoire salonais depuis 1937, la base a\u00e9rienne 701 (BA701) \u00ab G\u00e9n\u00e9ral Pineau \u00bb occupe 450 hectares r\u00e9partis entre Salon-de-Provence et Lan\u00e7on-Provence. Elle dispose de trois pistes en herbe et d\u2019une piste goudronn\u00e9e. Elle apporte tout le soutien n\u00e9cessaire au fonctionnement de l\u2019Ecole de l\u2019air et de l\u2019espace dont elle est indissociable et [&hellip;]<\/p>\n","protected":false},"author":2,"featured_media":0,"parent":0,"menu_order":0,"comment_status":"closed","ping_status":"closed","template":"","meta":{"_et_pb_use_builder":"on","_et_pb_old_content":"","_et_gb_content_width":"","footnotes":""},"class_list":["post-75","page","type-page","status-publish","hentry"],"_links":{"self":[{"href":"https:\/\/marathon-salon-de-provence.fr\/index.php\/wp-json\/wp\/v2\/pages\/75","targetHints":{"allow":["GET"]}}],"collection":[{"href":"https:\/\/marathon-salon-de-provence.fr\/index.php\/wp-json\/wp\/v2\/pages"}],"about":[{"href":"https:\/\/marathon-salon-de-provence.fr\/index.php\/wp-json\/wp\/v2\/types\/page"}],"author":[{"embeddable":true,"href":"https:\/\/marathon-salon-de-provence.fr\/index.php\/wp-json\/wp\/v2\/users\/2"}],"replies":[{"embeddable":true,"href":"https:\/\/marathon-salon-de-provence.fr\/index.php\/wp-json\/wp\/v2\/comments?post=75"}],"version-history":[{"count":8,"href":"https:\/\/marathon-salon-de-provence.fr\/index.php\/wp-json\/wp\/v2\/pages\/75\/revisions"}],"predecessor-version":[{"id":560,"href":"https:\/\/marathon-salon-de-provence.fr\/index.php\/wp-json\/wp\/v2\/pages\/75\/revisions\/560"}],"wp:attachment":[{"href":"https:\/\/marathon-salon-de-provence.fr\/index.php\/wp-json\/wp\/v2\/media?parent=75"}],"curies":[{"name":"wp","href":"https:\/\/api.w.org\/{rel}","templated":true}]}}