{"id":652,"date":"2025-05-26T08:30:08","date_gmt":"2025-05-26T06:30:08","guid":{"rendered":"https:\/\/marathon-salon-de-provence.fr\/?page_id=652"},"modified":"2025-07-11T16:20:59","modified_gmt":"2025-07-11T14:20:59","slug":"5km-matmut-nespourbouger","status":"publish","type":"page","link":"https:\/\/marathon-salon-de-provence.fr\/index.php\/5km-matmut-nespourbouger\/","title":{"rendered":"5KM MATMUT #NESPOURBOUGER"},"content":{"rendered":"<p>[et_pb_section fb_built=\u00a0\u00bb1&Prime; _builder_version=\u00a0\u00bb4.23.1&Prime; _module_preset=\u00a0\u00bbdefault\u00a0\u00bb global_colors_info=\u00a0\u00bb{}\u00a0\u00bb][et_pb_row _builder_version=\u00a0\u00bb4.23.1&Prime; _module_preset=\u00a0\u00bbdefault\u00a0\u00bb global_colors_info=\u00a0\u00bb{}\u00a0\u00bb][et_pb_column type=\u00a0\u00bb4_4&Prime; _builder_version=\u00a0\u00bb4.23.1&Prime; _module_preset=\u00a0\u00bbdefault\u00a0\u00bb global_colors_info=\u00a0\u00bb{}\u00a0\u00bb][et_pb_image src=\u00a0\u00bbhttps:\/\/marathon-salon-de-provence.fr\/wp-content\/uploads\/2025\/05\/Logo-5KM-Matmut_horizontalBleu-Vert-CMJN-scaled.jpg\u00a0\u00bb title_text=\u00a0\u00bbLogo 5KM Matmut_horizontalBleu-Vert-CMJN\u00a0\u00bb _builder_version=\u00a0\u00bb4.23.1&Prime; _module_preset=\u00a0\u00bbdefault\u00a0\u00bb global_colors_info=\u00a0\u00bb{}\u00a0\u00bb][\/et_pb_image][et_pb_text _builder_version=\u00a0\u00bb4.23.1&Prime; _module_preset=\u00a0\u00bbdefault\u00a0\u00bb text_text_color=\u00a0\u00bb#0b113b\u00a0\u00bb text_orientation=\u00a0\u00bbcenter\u00a0\u00bb hover_enabled=\u00a0\u00bb0&Prime; global_colors_info=\u00a0\u00bb{}\u00a0\u00bb sticky_enabled=\u00a0\u00bb0&Prime;]<\/p>\n<h2><strong>PARCOURS <\/strong><b>5KM MATMUT #N<span>\u00c9SPOURBOUGER <\/span><\/b><strong>&#8211; MARATHON SALON\u00a9\u00a0<\/strong><\/h2>\n<h3><strong>D\u00e9part 13H00<\/strong><\/h3>\n<p>[\/et_pb_text][\/et_pb_column][\/et_pb_row][et_pb_row _builder_version=\u00a0\u00bb4.23.1&Prime; _module_preset=\u00a0\u00bbdefault\u00a0\u00bb global_colors_info=\u00a0\u00bb{}\u00a0\u00bb][et_pb_column type=\u00a0\u00bb4_4&Prime; _builder_version=\u00a0\u00bb4.23.1&Prime; _module_preset=\u00a0\u00bbdefault\u00a0\u00bb global_colors_info=\u00a0\u00bb{}\u00a0\u00bb][et_pb_button button_url=\u00a0\u00bbhttps:\/\/www.sportsnconnect.com\/events\/parcours_cart\/28953\/salon\u00a0\u00bb url_new_window=\u00a0\u00bbon\u00a0\u00bb button_text=\u00a0\u00bbJE M&rsquo;INSCRIS\u00a0\u00bb button_alignment=\u00a0\u00bbcenter\u00a0\u00bb _builder_version=\u00a0\u00bb4.23.1&Prime; _module_preset=\u00a0\u00bbdefault\u00a0\u00bb custom_button=\u00a0\u00bbon\u00a0\u00bb button_text_size=\u00a0\u00bb21px\u00a0\u00bb button_text_color=\u00a0\u00bb#FFFFFF\u00a0\u00bb button_bg_color=\u00a0\u00bb#0b113b\u00a0\u00bb button_border_width=\u00a0\u00bb0px\u00a0\u00bb button_border_color=\u00a0\u00bbRGBA(255,255,255,0)\u00a0\u00bb box_shadow_style=\u00a0\u00bbpreset4&Prime; box_shadow_color=\u00a0\u00bb#E02B20&Prime; global_colors_info=\u00a0\u00bb{}\u00a0\u00bb][\/et_pb_button][\/et_pb_column][\/et_pb_row][et_pb_row _builder_version=\u00a0\u00bb4.23.1&Prime; _module_preset=\u00a0\u00bbdefault\u00a0\u00bb global_colors_info=\u00a0\u00bb{}\u00a0\u00bb][et_pb_column type=\u00a0\u00bb4_4&Prime; _builder_version=\u00a0\u00bb4.23.1&Prime; _module_preset=\u00a0\u00bbdefault\u00a0\u00bb global_colors_info=\u00a0\u00bb{}\u00a0\u00bb][\/et_pb_column][\/et_pb_row][et_pb_row _builder_version=\u00a0\u00bb4.23.1&Prime; _module_preset=\u00a0\u00bbdefault\u00a0\u00bb global_colors_info=\u00a0\u00bb{}\u00a0\u00bb][et_pb_column type=\u00a0\u00bb4_4&Prime; _builder_version=\u00a0\u00bb4.23.1&Prime; _module_preset=\u00a0\u00bbdefault\u00a0\u00bb global_colors_info=\u00a0\u00bb{}\u00a0\u00bb][et_pb_text _builder_version=\u00a0\u00bb4.23.1&Prime; _module_preset=\u00a0\u00bbdefault\u00a0\u00bb text_text_color=\u00a0\u00bb#0b113b\u00a0\u00bb global_colors_info=\u00a0\u00bb{}\u00a0\u00bb]<\/p>\n<p style=\"text-align: center;\"><strong>Vivre une exp\u00e9rience unique et inclusive<\/strong><\/p>\n<p style=\"text-align: center;\">Les 5 km Matmut #N\u00e9sPourBouger sont bien plus qu\u2019une simple course. Ce sont des moments conviviaux et b\u00e9n\u00e9fiques pour la sant\u00e9, accessibles \u00e0 chacun sans distinction d\u2019\u00e2ge, de condition physique ou de situation sociale.<\/p>\n<p style=\"text-align: center;\"><strong>Une course 100 % accessible et solidaire<\/strong><\/p>\n<p style=\"text-align: center;\">Sportif accompli ou marcheur occasionnel, nous sommes tous en mesure de parcourir 5 km ! Nous le faisons d\u2019ailleurs sans m\u00eame nous en rendre compte, que ce soit en promenant notre chien, en courant apr\u00e8s nos enfants ou en allant faire nos courses. C\u2019est sur ce postulat que reposent les <a href=\"https:\/\/www.matmut.fr\/groupe-matmut\/nos-engagements\/5km-nes-pour-bouger.html\" target=\"_blank\" rel=\"noopener\" title=\"5 km Matmut #N\u00e9sPourBouger\">5 km Matmut #N\u00e9sPourBouger<\/a>. Gr\u00e2ce \u00e0 son format libre et sa proximit\u00e9, cette \u00e9preuve incarne pleinement leur promesse : \u00ab C\u2019est plus juste pour tous ! \u00bb<\/p>\n<p style=\"text-align: center;\"><strong>\u00c0 l\u2019arriv\u00e9e, tout le monde gagne !<\/strong><\/p>\n<p style=\"text-align: center;\">En participant au 5 km Matmut #N\u00e9sPourBouger, vous faites bien plus que vous d\u00e9penser. Vous contribuez \u00e0 une cause solidaire, en permettant aux enfants en situation de handicap et\/ou hospitalis\u00e9s de pratiquer une activit\u00e9 physique gr\u00e2ce \u00e0 notre partenaire Premiers de Cord\u00e9e.<\/p>\n<p style=\"text-align: center;\">Une M\u00e9daille Finisher Eco-Responsable sera remise \u00e0 l&rsquo;ensemble des participants du 5KM\u00a0 MATMUT #NESPOURBOUGER<\/p>\n<p style=\"text-align: center;\">\u00c2ge limite des participants : 10 ans<\/p>\n<p>[\/et_pb_text][\/et_pb_column][\/et_pb_row][et_pb_row _builder_version=\u00a0\u00bb4.23.1&Prime; _module_preset=\u00a0\u00bbdefault\u00a0\u00bb global_colors_info=\u00a0\u00bb{}\u00a0\u00bb][et_pb_column type=\u00a0\u00bb4_4&Prime; _builder_version=\u00a0\u00bb4.23.1&Prime; _module_preset=\u00a0\u00bbdefault\u00a0\u00bb global_colors_info=\u00a0\u00bb{}\u00a0\u00bb][\/et_pb_column][\/et_pb_row][et_pb_row _builder_version=\u00a0\u00bb4.23.1&Prime; _module_preset=\u00a0\u00bbdefault\u00a0\u00bb global_colors_info=\u00a0\u00bb{}\u00a0\u00bb][et_pb_column type=\u00a0\u00bb4_4&Prime; _builder_version=\u00a0\u00bb4.23.1&Prime; _module_preset=\u00a0\u00bbdefault\u00a0\u00bb global_colors_info=\u00a0\u00bb{}\u00a0\u00bb][et_pb_button button_url=\u00a0\u00bbhttps:\/\/www.matmut.fr\/groupe-matmut\/nos-engagements\/5km-nes-pour-bouger.html\u00a0\u00bb url_new_window=\u00a0\u00bbon\u00a0\u00bb button_text=\u00a0\u00bbEN SAVOIR PLUS\u00a0\u00bb button_alignment=\u00a0\u00bbcenter\u00a0\u00bb _builder_version=\u00a0\u00bb4.23.1&Prime; _module_preset=\u00a0\u00bbdefault\u00a0\u00bb custom_button=\u00a0\u00bbon\u00a0\u00bb button_text_size=\u00a0\u00bb21px\u00a0\u00bb button_text_color=\u00a0\u00bb#FFFFFF\u00a0\u00bb button_bg_color=\u00a0\u00bb#0b113b\u00a0\u00bb button_border_width=\u00a0\u00bb0px\u00a0\u00bb button_border_color=\u00a0\u00bbRGBA(255,255,255,0)\u00a0\u00bb box_shadow_style=\u00a0\u00bbpreset4&Prime; box_shadow_color=\u00a0\u00bb#E02B20&Prime; global_colors_info=\u00a0\u00bb{}\u00a0\u00bb][\/et_pb_button][\/et_pb_column][\/et_pb_row][et_pb_row _builder_version=\u00a0\u00bb4.23.1&Prime; _module_preset=\u00a0\u00bbdefault\u00a0\u00bb global_colors_info=\u00a0\u00bb{}\u00a0\u00bb][et_pb_column type=\u00a0\u00bb4_4&Prime; _builder_version=\u00a0\u00bb4.23.1&Prime; _module_preset=\u00a0\u00bbdefault\u00a0\u00bb global_colors_info=\u00a0\u00bb{}\u00a0\u00bb][\/et_pb_column][\/et_pb_row][et_pb_row _builder_version=\u00a0\u00bb4.23.1&Prime; _module_preset=\u00a0\u00bbdefault\u00a0\u00bb global_colors_info=\u00a0\u00bb{}\u00a0\u00bb][et_pb_column type=\u00a0\u00bb4_4&Prime; _builder_version=\u00a0\u00bb4.23.1&Prime; _module_preset=\u00a0\u00bbdefault\u00a0\u00bb global_colors_info=\u00a0\u00bb{}\u00a0\u00bb][et_pb_text _builder_version=\u00a0\u00bb4.23.1&Prime; _module_preset=\u00a0\u00bbdefault\u00a0\u00bb text_text_color=\u00a0\u00bb#0b113b\u00a0\u00bb hover_enabled=\u00a0\u00bb0&Prime; global_colors_info=\u00a0\u00bb{}\u00a0\u00bb sticky_enabled=\u00a0\u00bb0&Prime;]<\/p>\n<h3><b>DETAILS DU PARCOURS &#8211; 5KM MATMUT #N<span>\u00c9SPOURBOUGER &#8211; DEPART 13H00<\/span><\/b><\/h3>\n<p>[\/et_pb_text][\/et_pb_column][\/et_pb_row][et_pb_row _builder_version=\u00a0\u00bb4.23.1&Prime; _module_preset=\u00a0\u00bbdefault\u00a0\u00bb global_colors_info=\u00a0\u00bb{}\u00a0\u00bb][et_pb_column type=\u00a0\u00bb4_4&Prime; _builder_version=\u00a0\u00bb4.23.1&Prime; _module_preset=\u00a0\u00bbdefault\u00a0\u00bb global_colors_info=\u00a0\u00bb{}\u00a0\u00bb][et_pb_code _builder_version=\u00a0\u00bb4.23.1&Prime; _module_preset=\u00a0\u00bbdefault\u00a0\u00bb global_colors_info=\u00a0\u00bb{}\u00a0\u00bb]<iframe width=\"100%\" height=\"650\" loading=\"lazy\" src=\"https:\/\/www.openrunner.com\/embed\/79316176754374584a597961634861504d6a4c654a2f3955546a4b716e436f727757773746353557386e413d3a3a17eba238e53db138fac4488e11a4ad86?unit=metric\" style=\"border: none;\"><\/iframe>[\/et_pb_code][et_pb_image src=\u00a0\u00bbhttps:\/\/marathon-salon-de-provence.fr\/wp-content\/uploads\/2025\/06\/MATMUT_LOGO_RVB.png\u00a0\u00bb _builder_version=\u00a0\u00bb4.23.1&Prime; _module_preset=\u00a0\u00bbdefault\u00a0\u00bb global_colors_info=\u00a0\u00bb{}\u00a0\u00bb][\/et_pb_image][\/et_pb_column][\/et_pb_row][\/et_pb_section]<\/p>\n","protected":false},"excerpt":{"rendered":"<p>PARCOURS 5KM MATMUT #N\u00c9SPOURBOUGER &#8211; MARATHON SALON\u00a9\u00a0 D\u00e9part 13H00Vivre une exp\u00e9rience unique et inclusive Les 5 km Matmut #N\u00e9sPourBouger sont bien plus qu\u2019une simple course. Ce sont des moments conviviaux et b\u00e9n\u00e9fiques pour la sant\u00e9, accessibles \u00e0 chacun sans distinction d\u2019\u00e2ge, de condition physique ou de situation sociale. Une course 100 % accessible et solidaire [&hellip;]<\/p>\n","protected":false},"author":2,"featured_media":0,"parent":0,"menu_order":0,"comment_status":"closed","ping_status":"closed","template":"","meta":{"_et_pb_use_builder":"on","_et_pb_old_content":"","_et_gb_content_width":"","footnotes":""},"class_list":["post-652","page","type-page","status-publish","hentry"],"_links":{"self":[{"href":"https:\/\/marathon-salon-de-provence.fr\/index.php\/wp-json\/wp\/v2\/pages\/652","targetHints":{"allow":["GET"]}}],"collection":[{"href":"https:\/\/marathon-salon-de-provence.fr\/index.php\/wp-json\/wp\/v2\/pages"}],"about":[{"href":"https:\/\/marathon-salon-de-provence.fr\/index.php\/wp-json\/wp\/v2\/types\/page"}],"author":[{"embeddable":true,"href":"https:\/\/marathon-salon-de-provence.fr\/index.php\/wp-json\/wp\/v2\/users\/2"}],"replies":[{"embeddable":true,"href":"https:\/\/marathon-salon-de-provence.fr\/index.php\/wp-json\/wp\/v2\/comments?post=652"}],"version-history":[{"count":20,"href":"https:\/\/marathon-salon-de-provence.fr\/index.php\/wp-json\/wp\/v2\/pages\/652\/revisions"}],"predecessor-version":[{"id":716,"href":"https:\/\/marathon-salon-de-provence.fr\/index.php\/wp-json\/wp\/v2\/pages\/652\/revisions\/716"}],"wp:attachment":[{"href":"https:\/\/marathon-salon-de-provence.fr\/index.php\/wp-json\/wp\/v2\/media?parent=652"}],"curies":[{"name":"wp","href":"https:\/\/api.w.org\/{rel}","templated":true}]}}